{"id":22285,"date":"2023-10-12T10:13:47","date_gmt":"2023-10-12T10:13:47","guid":{"rendered":"https:\/\/carf.cat\/?page_id=22285"},"modified":"2024-12-23T13:46:10","modified_gmt":"2024-12-23T12:46:10","slug":"contacto","status":"publish","type":"page","link":"https:\/\/carf.cat\/es\/contacto\/","title":{"rendered":"Contacto"},"content":{"rendered":"\t\t<div data-elementor-type=\"wp-page\" data-elementor-id=\"22285\" class=\"elementor elementor-22285\" data-elementor-post-type=\"page\">\n\t\t\t\t\t\t<section class=\"elementor-section elementor-top-section elementor-element elementor-element-f6706e5 elementor-section-height-min-height elementor-section-boxed elementor-section-height-default elementor-section-items-middle sc_fly_static\" data-id=\"f6706e5\" data-element_type=\"section\" data-settings=\"{&quot;background_background&quot;:&quot;classic&quot;}\">\n\t\t\t\t\t\t\t<div class=\"elementor-background-overlay\"><\/div>\n\t\t\t\t\t\t\t<div class=\"elementor-container elementor-column-gap-default\">\n\t\t\t\t\t<div class=\"elementor-column elementor-col-100 elementor-top-column elementor-element elementor-element-41848e7 sc_content_align_inherit sc_layouts_column_icons_position_left sc_fly_static\" data-id=\"41848e7\" data-element_type=\"column\">\n\t\t\t<div class=\"elementor-widget-wrap elementor-element-populated\">\n\t\t\t\t\t\t<div class=\"elementor-element elementor-element-350df70 sc_fly_static elementor-widget elementor-widget-heading\" data-id=\"350df70\" data-element_type=\"widget\" data-widget_type=\"heading.default\">\n\t\t\t\t<div class=\"elementor-widget-container\">\n\t\t\t<h1 class=\"elementor-heading-title elementor-size-default\">Contacto<\/h1>\t\t<\/div>\n\t\t\t\t<\/div>\n\t\t\t\t\t<\/div>\n\t\t<\/div>\n\t\t\t\t\t<\/div>\n\t\t<\/section>\n\t\t\t\t<section class=\"elementor-section elementor-top-section elementor-element elementor-element-49d64c08 elementor-section-full_width elementor-section-content-middle elementor-section-height-default elementor-section-height-default sc_fly_static\" data-id=\"49d64c08\" data-element_type=\"section\">\n\t\t\t\t\t\t<div class=\"elementor-container elementor-column-gap-no\">\n\t\t\t\t\t<div class=\"elementor-column elementor-col-50 elementor-top-column elementor-element elementor-element-7b1dead4 sc_content_align_inherit sc_layouts_column_icons_position_left sc_fly_static\" data-id=\"7b1dead4\" data-element_type=\"column\">\n\t\t\t<div class=\"elementor-widget-wrap elementor-element-populated\">\n\t\t\t\t\t\t<div class=\"elementor-element elementor-element-c65c368 sc_fly_static elementor-widget elementor-widget-spacer\" data-id=\"c65c368\" data-element_type=\"widget\" data-widget_type=\"spacer.default\">\n\t\t\t\t<div class=\"elementor-widget-container\">\n\t\t\t\t\t<div class=\"elementor-spacer\">\n\t\t\t<div class=\"elementor-spacer-inner\"><\/div>\n\t\t<\/div>\n\t\t\t\t<\/div>\n\t\t\t\t<\/div>\n\t\t\t\t<div class=\"elementor-element elementor-element-7b85d2d4 sc_fly_static elementor-widget elementor-widget-trx_sc_title\" data-id=\"7b85d2d4\" data-element_type=\"widget\" data-widget_type=\"trx_sc_title.default\">\n\t\t\t\t<div class=\"elementor-widget-container\">\n\t\t\t<div\t\tclass=\"sc_title sc_title_default\" ><span class=\"sc_item_subtitle sc_title_subtitle sc_align_center sc_item_subtitle_above sc_item_title_style_default\">Cont\u00e1ctanos<\/span><h1 class=\"sc_item_title sc_title_title sc_align_center sc_item_title_style_default sc_item_title_tag\"\n\t\t\t><span class=\"sc_item_title_text\">Est\u00e1s a un paso <br>de tu bienestar<\/span><\/h1><\/div>\t\t<\/div>\n\t\t\t\t<\/div>\n\t\t\t\t<div class=\"elementor-element elementor-element-9ce27c6 sc_fly_static elementor-widget elementor-widget-text-editor\" data-id=\"9ce27c6\" data-element_type=\"widget\" data-widget_type=\"text-editor.default\">\n\t\t\t\t<div class=\"elementor-widget-container\">\n\t\t\t\t\t\t\t<p>Si quieres pedir cita o saber c\u00f3mo nuestras t\u00e9cnicas pueden ayudarte, completa el formulario y nos pondremos en contacto contigo en breve.<\/p>\t\t\t\t\t\t<\/div>\n\t\t\t\t<\/div>\n\t\t\t\t<div class=\"elementor-element elementor-element-20b39a88 sc_fly_static elementor-widget elementor-widget-spacer\" data-id=\"20b39a88\" data-element_type=\"widget\" data-widget_type=\"spacer.default\">\n\t\t\t\t<div class=\"elementor-widget-container\">\n\t\t\t\t\t<div class=\"elementor-spacer\">\n\t\t\t<div class=\"elementor-spacer-inner\"><\/div>\n\t\t<\/div>\n\t\t\t\t<\/div>\n\t\t\t\t<\/div>\n\t\t\t\t<div class=\"elementor-element elementor-element-19e9bce elementor-button-align-center sc_fly_static elementor-widget elementor-widget-form\" data-id=\"19e9bce\" data-element_type=\"widget\" data-settings=\"{&quot;step_next_label&quot;:&quot;SIGUIENTE&quot;,&quot;step_previous_label&quot;:&quot;ANTERIOR&quot;,&quot;button_width&quot;:&quot;100&quot;,&quot;step_type&quot;:&quot;number_text&quot;,&quot;step_icon_shape&quot;:&quot;circle&quot;}\" data-widget_type=\"form.default\">\n\t\t\t\t<div class=\"elementor-widget-container\">\n\t\t\t\t\t<form class=\"elementor-form\" method=\"post\" name=\"Formulari CARF\">\n\t\t\t<input type=\"hidden\" name=\"post_id\" value=\"22285\"\/>\n\t\t\t<input type=\"hidden\" name=\"form_id\" value=\"19e9bce\"\/>\n\t\t\t<input type=\"hidden\" name=\"referer_title\" value=\"CARF\" \/>\n\n\t\t\t\n\t\t\t<div class=\"elementor-form-fields-wrapper elementor-labels-\">\n\t\t\t\t\t\t\t\t<div class=\"elementor-field-type-text elementor-field-group elementor-column elementor-field-group-name elementor-col-100 elementor-field-required\">\n\t\t\t\t\t\t\t\t\t\t\t\t<label for=\"form-field-name\" class=\"elementor-field-label elementor-screen-only\">\n\t\t\t\t\t\t\t\tNombre\t\t\t\t\t\t\t<\/label>\n\t\t\t\t\t\t\t\t\t\t\t\t\t\t<input size=\"1\" type=\"text\" name=\"form_fields[name]\" id=\"form-field-name\" class=\"elementor-field elementor-size-md  elementor-field-textual\" placeholder=\"Nombre\" required=\"required\" aria-required=\"true\">\n\t\t\t\t\t\t\t\t\t\t\t<\/div>\n\t\t\t\t\t\t\t\t<div class=\"elementor-field-type-email elementor-field-group elementor-column elementor-field-group-email elementor-col-100 elementor-field-required\">\n\t\t\t\t\t\t\t\t\t\t\t\t<label for=\"form-field-email\" class=\"elementor-field-label elementor-screen-only\">\n\t\t\t\t\t\t\t\tCorreo electr\u00f3nico\t\t\t\t\t\t\t<\/label>\n\t\t\t\t\t\t\t\t\t\t\t\t\t\t<input size=\"1\" type=\"email\" name=\"form_fields[email]\" id=\"form-field-email\" class=\"elementor-field elementor-size-md  elementor-field-textual\" placeholder=\"Correo electr\u00f3nico\" required=\"required\" aria-required=\"true\">\n\t\t\t\t\t\t\t\t\t\t\t<\/div>\n\t\t\t\t\t\t\t\t<div class=\"elementor-field-type-tel elementor-field-group elementor-column elementor-field-group-field_543c5f9 elementor-col-100 elementor-field-required\">\n\t\t\t\t\t\t\t\t\t\t\t\t<label for=\"form-field-field_543c5f9\" class=\"elementor-field-label elementor-screen-only\">\n\t\t\t\t\t\t\t\tN\u00famero de tel\u00e9fono\t\t\t\t\t\t\t<\/label>\n\t\t\t\t\t\t\t\t<input size=\"1\" type=\"tel\" name=\"form_fields[field_543c5f9]\" id=\"form-field-field_543c5f9\" class=\"elementor-field elementor-size-md  elementor-field-textual\" placeholder=\"N\u00famero de tel\u00e9fono\" required=\"required\" aria-required=\"true\" pattern=\"[0-9()#&amp;+*-=.]+\" title=\"Solo se aceptan n\u00fameros y caracteres de tel\u00e9fono (#,-,*,etc).\">\n\n\t\t\t\t\t\t<\/div>\n\t\t\t\t\t\t\t\t<div class=\"elementor-field-type-textarea elementor-field-group elementor-column elementor-field-group-message elementor-col-100 elementor-field-required\">\n\t\t\t\t\t\t\t\t\t\t\t\t<label for=\"form-field-message\" class=\"elementor-field-label elementor-screen-only\">\n\t\t\t\t\t\t\t\tConsulta\t\t\t\t\t\t\t<\/label>\n\t\t\t\t\t\t<textarea class=\"elementor-field-textual elementor-field  elementor-size-md\" name=\"form_fields[message]\" id=\"form-field-message\" rows=\"8\" placeholder=\"Consulta\" required=\"required\" aria-required=\"true\"><\/textarea>\t\t\t\t<\/div>\n\t\t\t\t\t\t\t\t<div class=\"elementor-field-type-acceptance elementor-field-group elementor-column elementor-field-group-field_37dab3a elementor-col-100 elementor-field-required\">\n\t\t\t\t\t\t\t\t\t\t\t\t<label for=\"form-field-field_37dab3a\" class=\"elementor-field-label elementor-screen-only\">\n\t\t\t\t\t\t\t\tPol\u00edtica de privacidad\t\t\t\t\t\t\t<\/label>\n\t\t\t\t\t\t\t\t<div class=\"elementor-field-subgroup\">\n\t\t\t<span class=\"elementor-field-option\">\n\t\t\t\t<input type=\"checkbox\" name=\"form_fields[field_37dab3a]\" id=\"form-field-field_37dab3a\" class=\"elementor-field elementor-size-md  elementor-acceptance-field\" required=\"required\" aria-required=\"true\">\n\t\t\t\t<label for=\"form-field-field_37dab3a\">Acepto la <a href=\"https:\/\/carf.cat\/politica-de-privacidad\/\" target=\"_blank\">pol\u00edtica de privacidad<\/a><\/label>\t\t\t<\/span>\n\t\t<\/div>\n\t\t\t\t\t\t<\/div>\n\t\t\t\t\t\t\t\t<div class=\"elementor-field-type-html elementor-field-group elementor-column elementor-field-group-field_5b22d90 elementor-col-100\">\n\t\t\t\t\t<p style=\"font-size: 12px;\"><b>Responsable<\/b>: \u200bANDREU ESTEVE TORRES <b>Finalidad<\/b>: Poder darte una respuesta a tu consulta a trav\u00e9s del formulario. <b>Legitimaci\u00f3n<\/b>: \u200bTu consentimiento. <b>Destinatarios<\/b>: \u200bLos datos son guardados en \u200bArsys. <b>Derechos<\/b>: Tienes derecho a acceder, rectificar, limitar y \u200beliminar tus datos.<\/p>\t\t\t\t<\/div>\n\t\t\t\t\t\t\t\t<div class=\"elementor-field-type-recaptcha_v3 elementor-field-group elementor-column elementor-field-group-field_73ad11f elementor-col-100 recaptcha_v3-bottomright\">\n\t\t\t\t\t<div class=\"elementor-field\" id=\"form-field-field_73ad11f\"><div class=\"elementor-g-recaptcha\" data-sitekey=\"6LcDfJkqAAAAAGZ_NRSN9CQ8OtmW-W_LgTcLXxxm\" data-type=\"v3\" data-action=\"Form\" data-badge=\"bottomright\" data-size=\"invisible\"><\/div><\/div>\t\t\t\t<\/div>\n\t\t\t\t\t\t\t\t<div class=\"elementor-field-group elementor-column elementor-field-type-submit elementor-col-100 e-form__buttons\">\n\t\t\t\t\t<button class=\"elementor-button elementor-size-lg elementor-animation-shrink\" type=\"submit\">\n\t\t\t\t\t\t<span class=\"elementor-button-content-wrapper\">\n\t\t\t\t\t\t\t\t\t\t\t\t\t\t\t<span class=\"elementor-button-icon\">\n\t\t\t\t\t\t\t\t\t<i aria-hidden=\"true\" class=\"fas fa-location-arrow\"><\/i>\t\t\t\t\t\t\t\t\t\t\t\t\t\t\t\t\t<\/span>\n\t\t\t\t\t\t\t\t\t\t\t\t\t\t\t\t\t\t\t\t\t\t<span class=\"elementor-button-text\">ENVIAR<\/span>\n\t\t\t\t\t\t\t\t\t\t\t\t\t<\/span>\n\t\t\t\t\t<\/button>\n\t\t\t\t<\/div>\n\t\t\t<\/div>\n\t\t<\/form>\n\t\t\t\t<\/div>\n\t\t\t\t<\/div>\n\t\t\t\t<div class=\"elementor-element elementor-element-9c6eb37 sc_fly_static elementor-widget elementor-widget-spacer\" data-id=\"9c6eb37\" data-element_type=\"widget\" data-widget_type=\"spacer.default\">\n\t\t\t\t<div class=\"elementor-widget-container\">\n\t\t\t\t\t<div class=\"elementor-spacer\">\n\t\t\t<div class=\"elementor-spacer-inner\"><\/div>\n\t\t<\/div>\n\t\t\t\t<\/div>\n\t\t\t\t<\/div>\n\t\t\t\t\t<\/div>\n\t\t<\/div>\n\t\t\t\t<div class=\"elementor-column elementor-col-50 elementor-top-column elementor-element elementor-element-5f382736 sc_content_align_inherit sc_layouts_column_icons_position_left sc_fly_static\" data-id=\"5f382736\" data-element_type=\"column\" data-settings=\"{&quot;background_background&quot;:&quot;classic&quot;}\">\n\t\t\t<div class=\"elementor-widget-wrap elementor-element-populated\">\n\t\t\t\t\t\t<div class=\"elementor-element elementor-element-bc9f511 sc_fly_static elementor-widget elementor-widget-spacer\" data-id=\"bc9f511\" data-element_type=\"widget\" data-widget_type=\"spacer.default\">\n\t\t\t\t<div class=\"elementor-widget-container\">\n\t\t\t\t\t<div class=\"elementor-spacer\">\n\t\t\t<div class=\"elementor-spacer-inner\"><\/div>\n\t\t<\/div>\n\t\t\t\t<\/div>\n\t\t\t\t<\/div>\n\t\t\t\t\t<\/div>\n\t\t<\/div>\n\t\t\t\t\t<\/div>\n\t\t<\/section>\n\t\t\t\t<section class=\"elementor-section elementor-top-section elementor-element elementor-element-5d05904 elementor-section-full_width elementor-section-height-default elementor-section-height-default sc_fly_static\" data-id=\"5d05904\" data-element_type=\"section\">\n\t\t\t\t\t\t<div class=\"elementor-container elementor-column-gap-no\">\n\t\t\t\t\t<div class=\"elementor-column elementor-col-100 elementor-top-column elementor-element elementor-element-6753a6c1 sc_content_align_inherit sc_layouts_column_icons_position_left sc_fly_static\" data-id=\"6753a6c1\" data-element_type=\"column\">\n\t\t\t<div class=\"elementor-widget-wrap elementor-element-populated\">\n\t\t\t\t\t\t<div class=\"elementor-element elementor-element-7e252644 sc_fly_static elementor-widget elementor-widget-trx_sc_googlemap\" data-id=\"7e252644\" data-element_type=\"widget\" data-widget_type=\"trx_sc_googlemap.default\">\n\t\t\t\t<div class=\"elementor-widget-container\">\n\t\t\t<div id=\"sc_googlemap_2021730430_wrap\" class=\"sc_googlemap_wrap\"><div id=\"sc_googlemap_2021730430\"\t\t\tclass=\"sc_item_content sc_map sc_googlemap sc_googlemap_default trx_addons_inline_980927774\"\n\t\t\t \t\t\tdata-zoom=\"20\"\n\t\t\tdata-center=\"\"\n\t\t\tdata-style=\"extra\"\n\t\t\tdata-cluster-icon=\"\"\n\t\t\t><iframe\n\t\t\t\t\t\tsrc=\"https:\/\/maps.google.com\/maps?t=m&output=embed&iwloc=near&z=20&q=Carrer+de+Baldomer+Sol%C3%A0%2C+5%2C+Baixos%2C+08912+Badalona%2C+Barcelona\"\n\t\t\t\t\t\taria-label=\"\"><\/iframe><\/div><\/div>\t\t<\/div>\n\t\t\t\t<\/div>\n\t\t\t\t\t<\/div>\n\t\t<\/div>\n\t\t\t\t\t<\/div>\n\t\t<\/section>\n\t\t\t\t<\/div>\n\t\t","protected":false},"excerpt":{"rendered":"<p>Contacto Cont\u00e1ctanos Est\u00e1s a un paso de tu bienestar Si quieres pedir cita o saber c\u00f3mo nuestras t\u00e9cnicas pueden ayudarte, completa el formulario y nos pondremos en contacto contigo en&hellip;<\/p>\n","protected":false},"author":1,"featured_media":0,"parent":0,"menu_order":0,"comment_status":"closed","ping_status":"closed","template":"","meta":{"footnotes":""},"class_list":["post-22285","page","type-page","status-publish","hentry"],"yoast_head":"<!-- This site is optimized with the Yoast SEO plugin v24.0 - https:\/\/yoast.com\/wordpress\/plugins\/seo\/ -->\n<title>Contacto - CARF<\/title>\n<meta name=\"robots\" content=\"index, follow, max-snippet:-1, max-image-preview:large, max-video-preview:-1\" \/>\n<link rel=\"canonical\" href=\"https:\/\/carf.cat\/es\/contacto\/\" \/>\n<meta property=\"og:locale\" content=\"es_ES\" \/>\n<meta property=\"og:type\" content=\"article\" \/>\n<meta property=\"og:title\" content=\"Contacto - CARF\" \/>\n<meta property=\"og:description\" content=\"Contacto Cont\u00e1ctanos Est\u00e1s a un paso de tu bienestar Si quieres pedir cita o saber c\u00f3mo nuestras t\u00e9cnicas pueden ayudarte, completa el formulario y nos pondremos en contacto contigo en&hellip;\" \/>\n<meta property=\"og:url\" content=\"https:\/\/carf.cat\/es\/contacto\/\" \/>\n<meta property=\"og:site_name\" content=\"CARF\" \/>\n<meta property=\"article:modified_time\" content=\"2024-12-23T12:46:10+00:00\" \/>\n<meta name=\"twitter:card\" content=\"summary_large_image\" \/>\n<meta name=\"twitter:label1\" content=\"Tiempo de lectura\" \/>\n\t<meta name=\"twitter:data1\" content=\"1 minuto\" \/>\n<script type=\"application\/ld+json\" class=\"yoast-schema-graph\">{\"@context\":\"https:\/\/schema.org\",\"@graph\":[{\"@type\":\"WebPage\",\"@id\":\"https:\/\/carf.cat\/es\/contacto\/\",\"url\":\"https:\/\/carf.cat\/es\/contacto\/\",\"name\":\"Contacto - CARF\",\"isPartOf\":{\"@id\":\"https:\/\/carf.cat\/#website\"},\"datePublished\":\"2023-10-12T10:13:47+00:00\",\"dateModified\":\"2024-12-23T12:46:10+00:00\",\"breadcrumb\":{\"@id\":\"https:\/\/carf.cat\/es\/contacto\/#breadcrumb\"},\"inLanguage\":\"es\",\"potentialAction\":[{\"@type\":\"ReadAction\",\"target\":[\"https:\/\/carf.cat\/es\/contacto\/\"]}]},{\"@type\":\"BreadcrumbList\",\"@id\":\"https:\/\/carf.cat\/es\/contacto\/#breadcrumb\",\"itemListElement\":[{\"@type\":\"ListItem\",\"position\":1,\"name\":\"Portada\",\"item\":\"https:\/\/carf.cat\/es\/\"},{\"@type\":\"ListItem\",\"position\":2,\"name\":\"Contacto\"}]},{\"@type\":\"WebSite\",\"@id\":\"https:\/\/carf.cat\/#website\",\"url\":\"https:\/\/carf.cat\/\",\"name\":\"CARF\",\"description\":\"Centre d\u2019acupuntura i recuperaci\u00f3 funcional.\",\"publisher\":{\"@id\":\"https:\/\/carf.cat\/#organization\"},\"potentialAction\":[{\"@type\":\"SearchAction\",\"target\":{\"@type\":\"EntryPoint\",\"urlTemplate\":\"https:\/\/carf.cat\/?s={search_term_string}\"},\"query-input\":{\"@type\":\"PropertyValueSpecification\",\"valueRequired\":true,\"valueName\":\"search_term_string\"}}],\"inLanguage\":\"es\"},{\"@type\":\"Organization\",\"@id\":\"https:\/\/carf.cat\/#organization\",\"name\":\"CARF\",\"url\":\"https:\/\/carf.cat\/\",\"logo\":{\"@type\":\"ImageObject\",\"inLanguage\":\"es\",\"@id\":\"https:\/\/carf.cat\/#\/schema\/logo\/image\/\",\"url\":\"https:\/\/carf.cat\/wp-content\/uploads\/2024\/11\/Logo-1.jpg\",\"contentUrl\":\"https:\/\/carf.cat\/wp-content\/uploads\/2024\/11\/Logo-1.jpg\",\"width\":384,\"height\":359,\"caption\":\"CARF\"},\"image\":{\"@id\":\"https:\/\/carf.cat\/#\/schema\/logo\/image\/\"}}]}<\/script>\n<!-- \/ Yoast SEO plugin. -->","yoast_head_json":{"title":"Contacto - CARF","robots":{"index":"index","follow":"follow","max-snippet":"max-snippet:-1","max-image-preview":"max-image-preview:large","max-video-preview":"max-video-preview:-1"},"canonical":"https:\/\/carf.cat\/es\/contacto\/","og_locale":"es_ES","og_type":"article","og_title":"Contacto - CARF","og_description":"Contacto Cont\u00e1ctanos Est\u00e1s a un paso de tu bienestar Si quieres pedir cita o saber c\u00f3mo nuestras t\u00e9cnicas pueden ayudarte, completa el formulario y nos pondremos en contacto contigo en&hellip;","og_url":"https:\/\/carf.cat\/es\/contacto\/","og_site_name":"CARF","article_modified_time":"2024-12-23T12:46:10+00:00","twitter_card":"summary_large_image","twitter_misc":{"Tiempo de lectura":"1 minuto"},"schema":{"@context":"https:\/\/schema.org","@graph":[{"@type":"WebPage","@id":"https:\/\/carf.cat\/es\/contacto\/","url":"https:\/\/carf.cat\/es\/contacto\/","name":"Contacto - CARF","isPartOf":{"@id":"https:\/\/carf.cat\/#website"},"datePublished":"2023-10-12T10:13:47+00:00","dateModified":"2024-12-23T12:46:10+00:00","breadcrumb":{"@id":"https:\/\/carf.cat\/es\/contacto\/#breadcrumb"},"inLanguage":"es","potentialAction":[{"@type":"ReadAction","target":["https:\/\/carf.cat\/es\/contacto\/"]}]},{"@type":"BreadcrumbList","@id":"https:\/\/carf.cat\/es\/contacto\/#breadcrumb","itemListElement":[{"@type":"ListItem","position":1,"name":"Portada","item":"https:\/\/carf.cat\/es\/"},{"@type":"ListItem","position":2,"name":"Contacto"}]},{"@type":"WebSite","@id":"https:\/\/carf.cat\/#website","url":"https:\/\/carf.cat\/","name":"CARF","description":"Centre d\u2019acupuntura i recuperaci\u00f3 funcional.","publisher":{"@id":"https:\/\/carf.cat\/#organization"},"potentialAction":[{"@type":"SearchAction","target":{"@type":"EntryPoint","urlTemplate":"https:\/\/carf.cat\/?s={search_term_string}"},"query-input":{"@type":"PropertyValueSpecification","valueRequired":true,"valueName":"search_term_string"}}],"inLanguage":"es"},{"@type":"Organization","@id":"https:\/\/carf.cat\/#organization","name":"CARF","url":"https:\/\/carf.cat\/","logo":{"@type":"ImageObject","inLanguage":"es","@id":"https:\/\/carf.cat\/#\/schema\/logo\/image\/","url":"https:\/\/carf.cat\/wp-content\/uploads\/2024\/11\/Logo-1.jpg","contentUrl":"https:\/\/carf.cat\/wp-content\/uploads\/2024\/11\/Logo-1.jpg","width":384,"height":359,"caption":"CARF"},"image":{"@id":"https:\/\/carf.cat\/#\/schema\/logo\/image\/"}}]}},"_links":{"self":[{"href":"https:\/\/carf.cat\/es\/wp-json\/wp\/v2\/pages\/22285","targetHints":{"allow":["GET"]}}],"collection":[{"href":"https:\/\/carf.cat\/es\/wp-json\/wp\/v2\/pages"}],"about":[{"href":"https:\/\/carf.cat\/es\/wp-json\/wp\/v2\/types\/page"}],"author":[{"embeddable":true,"href":"https:\/\/carf.cat\/es\/wp-json\/wp\/v2\/users\/1"}],"replies":[{"embeddable":true,"href":"https:\/\/carf.cat\/es\/wp-json\/wp\/v2\/comments?post=22285"}],"version-history":[{"count":92,"href":"https:\/\/carf.cat\/es\/wp-json\/wp\/v2\/pages\/22285\/revisions"}],"predecessor-version":[{"id":27938,"href":"https:\/\/carf.cat\/es\/wp-json\/wp\/v2\/pages\/22285\/revisions\/27938"}],"wp:attachment":[{"href":"https:\/\/carf.cat\/es\/wp-json\/wp\/v2\/media?parent=22285"}],"curies":[{"name":"wp","href":"https:\/\/api.w.org\/{rel}","templated":true}]}}